{"id":53292,"date":"2023-06-23T00:13:56","date_gmt":"2023-06-22T22:13:56","guid":{"rendered":"https:\/\/chmedica.ch\/prodotto\/heine-beta-vet-otoscope-set-2-5-v\/"},"modified":"2024-01-03T01:36:57","modified_gmt":"2024-01-03T00:36:57","slug":"heine-beta-vet-otoscope-set-2-5-v","status":"publish","type":"product","link":"https:\/\/chmedica.ch\/en\/product\/heine-beta-vet-otoscope-set-2-5-v\/","title":{"rendered":"HEINE BETA VET OTOSCOPE SET 2.5 V"},"content":{"rendered":"","protected":false},"excerpt":{"rendered":"<p>Set complete with slit illumination head, 1 set long closed metal specula (57 x \u00d8 4, 65 x \u00d8 6, 90 x \u00d8 7 mm), 1 spare bulb, hard case.<\/p>\n","protected":false},"featured_media":53286,"template":"","meta":{"_acf_changed":false},"product_brand":[],"product_cat":[921,1731],"product_tag":[],"class_list":{"0":"post-53292","1":"product","2":"type-product","3":"status-publish","4":"has-post-thumbnail","6":"product_cat-veterinary-diagnostics","7":"product_cat-veterinary-oto-ophthalmoscopes","9":"first","10":"onbackorder","11":"taxable","12":"shipping-taxable","13":"purchasable","14":"product-type-simple"},"acf":{"fornitore":"GIMA","standard_accessori":"","unita_misura":"1 pz."},"_links":{"self":[{"href":"https:\/\/chmedica.ch\/en\/wp-json\/wp\/v2\/product\/53292","targetHints":{"allow":["GET"]}}],"collection":[{"href":"https:\/\/chmedica.ch\/en\/wp-json\/wp\/v2\/product"}],"about":[{"href":"https:\/\/chmedica.ch\/en\/wp-json\/wp\/v2\/types\/product"}],"wp:featuredmedia":[{"embeddable":true,"href":"https:\/\/chmedica.ch\/en\/wp-json\/wp\/v2\/media\/53286"}],"wp:attachment":[{"href":"https:\/\/chmedica.ch\/en\/wp-json\/wp\/v2\/media?parent=53292"}],"wp:term":[{"taxonomy":"product_brand","embeddable":true,"href":"https:\/\/chmedica.ch\/en\/wp-json\/wp\/v2\/product_brand?post=53292"},{"taxonomy":"product_cat","embeddable":true,"href":"https:\/\/chmedica.ch\/en\/wp-json\/wp\/v2\/product_cat?post=53292"},{"taxonomy":"product_tag","embeddable":true,"href":"https:\/\/chmedica.ch\/en\/wp-json\/wp\/v2\/product_tag?post=53292"}],"curies":[{"name":"wp","href":"https:\/\/api.w.org\/{rel}","templated":true}]}}